{"id":66,"date":"2024-04-18T10:58:42","date_gmt":"2024-04-18T10:58:42","guid":{"rendered":"https:\/\/shop.pafs-bar.de\/?post_type=product&#038;p=66"},"modified":"2024-04-18T13:20:58","modified_gmt":"2024-04-18T13:20:58","slug":"becholtsheimer-petersberg","status":"publish","type":"product","link":"https:\/\/shop.pafs-bar.de\/index.php\/produkt\/becholtsheimer-petersberg\/","title":{"rendered":"Becholtsheimer Petersberg"},"content":{"rendered":"<p>Ein sortentypischer rassiger Wei\u00dfwein mit angenehmer S\u00e4ure. Diese Riesling-Spezialit\u00e4t besticht durch ihren pikanten Fruchtgeschmack \u2013 ein ausdrucksvoller, harmonischer Wei\u00dfwein. Der Geschmack zeichnet sich durch vielf\u00e4ltige Aromen aus wie Limone, Zitrone und gr\u00fcne \u00c4pfel.<\/p>\n","protected":false},"excerpt":{"rendered":"<p>Ein sortentypischer rassiger Wei\u00dfwein mit angenehmer S\u00e4ure. Diese Riesling-Spezialit\u00e4t besticht durch ihren pikanten Fruchtgeschmack \u2013 ein ausdrucksvoller, harmonischer Wei\u00dfwein. Der Geschmack zeichnet sich durch vielf\u00e4ltige Aromen aus wie Limone, Zitrone und gr\u00fcne \u00c4pfel.<\/p>\n","protected":false},"featured_media":112,"comment_status":"open","ping_status":"closed","template":"","meta":{"_et_pb_use_builder":"","_et_pb_old_content":"","_et_gb_content_width":""},"product_cat":[18],"product_tag":[],"class_list":{"0":"post-66","1":"product","2":"type-product","3":"status-publish","4":"has-post-thumbnail","6":"product_cat-weisswein","8":"first","9":"instock","10":"taxable","11":"shipping-taxable","12":"purchasable","13":"product-type-simple"},"_links":{"self":[{"href":"https:\/\/shop.pafs-bar.de\/index.php\/wp-json\/wp\/v2\/product\/66","targetHints":{"allow":["GET"]}}],"collection":[{"href":"https:\/\/shop.pafs-bar.de\/index.php\/wp-json\/wp\/v2\/product"}],"about":[{"href":"https:\/\/shop.pafs-bar.de\/index.php\/wp-json\/wp\/v2\/types\/product"}],"replies":[{"embeddable":true,"href":"https:\/\/shop.pafs-bar.de\/index.php\/wp-json\/wp\/v2\/comments?post=66"}],"wp:featuredmedia":[{"embeddable":true,"href":"https:\/\/shop.pafs-bar.de\/index.php\/wp-json\/wp\/v2\/media\/112"}],"wp:attachment":[{"href":"https:\/\/shop.pafs-bar.de\/index.php\/wp-json\/wp\/v2\/media?parent=66"}],"wp:term":[{"taxonomy":"product_cat","embeddable":true,"href":"https:\/\/shop.pafs-bar.de\/index.php\/wp-json\/wp\/v2\/product_cat?post=66"},{"taxonomy":"product_tag","embeddable":true,"href":"https:\/\/shop.pafs-bar.de\/index.php\/wp-json\/wp\/v2\/product_tag?post=66"}],"curies":[{"name":"wp","href":"https:\/\/api.w.org\/{rel}","templated":true}]}}