{"id":63,"date":"2024-04-18T10:57:35","date_gmt":"2024-04-18T10:57:35","guid":{"rendered":"https:\/\/shop.pafs-bar.de\/?post_type=product&#038;p=63"},"modified":"2024-04-18T13:21:41","modified_gmt":"2024-04-18T13:21:41","slug":"bechtolsheimer-petersberg","status":"publish","type":"product","link":"https:\/\/shop.pafs-bar.de\/index.php\/produkt\/bechtolsheimer-petersberg\/","title":{"rendered":"Bechtolsheimer Petersberg"},"content":{"rendered":"<p>Die Farbe dieses Dornfelders ist ein tiefes, dichtes Kirschrot. Das Bukett wird gepr\u00e4gt von reifen Beerenaromen, besonders der schwarzen Johannisbeere. Er ist kr\u00e4ftig, s\u00e4urearm und von einer edlen Weichheit<\/p>\n","protected":false},"excerpt":{"rendered":"<p>Die Farbe dieses Dornfelders ist ein tiefes, dichtes Kirschrot. Das Bukett wird gepr\u00e4gt von reifen Beerenaromen, besonders der schwarzen Johannisbeere. Er ist kr\u00e4ftig, s\u00e4urearm und von einer edlen Weichheit<\/p>\n","protected":false},"featured_media":113,"comment_status":"open","ping_status":"closed","template":"","meta":{"_et_pb_use_builder":"off","_et_pb_old_content":"Die Farbe dieses Dornfelders ist ein tiefes, dichtes Kirschrot. Das Bukett wird gepr\u00e4gt von reifen Beerenaromen, besonders der schwarzen Johannisbeere. Er ist kr\u00e4ftig, s\u00e4urearm und von einer edlen Weichheit","_et_gb_content_width":""},"product_cat":[17],"product_tag":[],"class_list":{"0":"post-63","1":"product","2":"type-product","3":"status-publish","4":"has-post-thumbnail","6":"product_cat-rotwein","8":"first","9":"instock","10":"taxable","11":"shipping-taxable","12":"purchasable","13":"product-type-simple"},"_links":{"self":[{"href":"https:\/\/shop.pafs-bar.de\/index.php\/wp-json\/wp\/v2\/product\/63","targetHints":{"allow":["GET"]}}],"collection":[{"href":"https:\/\/shop.pafs-bar.de\/index.php\/wp-json\/wp\/v2\/product"}],"about":[{"href":"https:\/\/shop.pafs-bar.de\/index.php\/wp-json\/wp\/v2\/types\/product"}],"replies":[{"embeddable":true,"href":"https:\/\/shop.pafs-bar.de\/index.php\/wp-json\/wp\/v2\/comments?post=63"}],"wp:featuredmedia":[{"embeddable":true,"href":"https:\/\/shop.pafs-bar.de\/index.php\/wp-json\/wp\/v2\/media\/113"}],"wp:attachment":[{"href":"https:\/\/shop.pafs-bar.de\/index.php\/wp-json\/wp\/v2\/media?parent=63"}],"wp:term":[{"taxonomy":"product_cat","embeddable":true,"href":"https:\/\/shop.pafs-bar.de\/index.php\/wp-json\/wp\/v2\/product_cat?post=63"},{"taxonomy":"product_tag","embeddable":true,"href":"https:\/\/shop.pafs-bar.de\/index.php\/wp-json\/wp\/v2\/product_tag?post=63"}],"curies":[{"name":"wp","href":"https:\/\/api.w.org\/{rel}","templated":true}]}}